{"id":1067,"date":"2021-11-21T13:56:34","date_gmt":"2021-11-21T13:56:34","guid":{"rendered":"https:\/\/demo.rivaxstudio.com\/kayleen\/?page_id=1067"},"modified":"2025-07-21T04:16:47","modified_gmt":"2025-07-21T07:16:47","slug":"about","status":"publish","type":"page","link":"https:\/\/bilaco.excellentpartner.com.br\/?page_id=1067","title":{"rendered":"About"},"content":{"rendered":"\t\t<div data-elementor-type=\"wp-page\" data-elementor-id=\"1067\" class=\"elementor elementor-1067\" data-elementor-post-type=\"page\">\n\t\t\t\t\t\t<section class=\"elementor-section elementor-top-section elementor-element elementor-element-0bc12ec elementor-section-boxed elementor-section-height-default elementor-section-height-default\" data-id=\"0bc12ec\" data-element_type=\"section\">\n\t\t\t\t\t\t<div class=\"elementor-container elementor-column-gap-default\">\n\t\t\t\t\t<div class=\"elementor-column elementor-col-100 elementor-top-column elementor-element elementor-element-c63507c\" data-id=\"c63507c\" data-element_type=\"column\" data-settings=\"{&quot;background_background&quot;:&quot;classic&quot;}\">\n\t\t\t<div class=\"elementor-widget-wrap elementor-element-populated\">\n\t\t\t\t\t\t<section class=\"elementor-section elementor-inner-section elementor-element elementor-element-8b1d208 elementor-section-boxed elementor-section-height-default elementor-section-height-default\" data-id=\"8b1d208\" data-element_type=\"section\">\n\t\t\t\t\t\t<div class=\"elementor-container elementor-column-gap-default\">\n\t\t\t\t\t<div class=\"elementor-column elementor-col-50 elementor-inner-column elementor-element elementor-element-98efdba\" data-id=\"98efdba\" data-element_type=\"column\">\n\t\t\t<div class=\"elementor-widget-wrap elementor-element-populated\">\n\t\t\t\t\t\t<div class=\"elementor-element elementor-element-5355191 rivax-layout-block rivax-align-left elementor-widget rivax-advanced-heading-widget\" data-id=\"5355191\" data-element_type=\"widget\" data-widget_type=\"rivax-advanced-heading.default\">\n\t\t\t\t<div class=\"elementor-widget-container\">\n\t\t\t\t\t\r\n<h2 class=\"rivax-advanced-heading-tag\">\r\n<span class=\"rivax-advanced-heading-wrap\" data-background-text=\"A\">\r\n    <span class=\"rivax-advanced-heading-one\">Adroaldo Jos\u00e9 Chanan<\/span>\r\n    <span class=\"rivax-advanced-heading-two\">Bilaco<\/span>\r\n    <span class=\"rivax-advanced-heading-three\"><\/span>\r\n    <span class=\"rivax-advanced-heading-border\"><\/span>\r\n<\/span>\r\n<\/h2>\t\t\t\t<\/div>\n\t\t\t\t<\/div>\n\t\t\t\t<div class=\"elementor-element elementor-element-98fb48f elementor-widget elementor-widget-text-editor\" data-id=\"98fb48f\" data-element_type=\"widget\" data-widget_type=\"text-editor.default\">\n\t\t\t\t\t\t\t\t\t<p>Bilaco, apelido carinhoso de Adroaldo Jos\u00e9 Chanan, \u00e9 uma figura marcante de Encantado (RS), conhecido por sua mem\u00f3ria afiada, esp\u00edrito acolhedor e dedica\u00e7\u00e3o \u00e0 preserva\u00e7\u00e3o da hist\u00f3ria local. Ao longo da vida, exerceu diversas fun\u00e7\u00f5es \u2014 de verdureiro a gerente de vendas \u2014, mas se destacou como escritor e pesquisador, resgatando as ra\u00edzes da cidade e das fam\u00edlias pioneiras, como os Chanan e os Lisot. Com sensibilidade e paix\u00e3o, Bilaco transformou lembran\u00e7as em livros, encontros familiares e a\u00e7\u00f5es culturais que mant\u00eam viva a identidade encantadense.<\/p>\t\t\t\t\t\t\t\t<\/div>\n\t\t\t\t\t<\/div>\n\t\t<\/div>\n\t\t\t\t<div class=\"elementor-column elementor-col-50 elementor-inner-column elementor-element elementor-element-79b5c2d\" data-id=\"79b5c2d\" data-element_type=\"column\">\n\t\t\t<div class=\"elementor-widget-wrap elementor-element-populated\">\n\t\t\t\t\t\t<div class=\"elementor-element elementor-element-93ef13c elementor-widget elementor-widget-image\" data-id=\"93ef13c\" data-element_type=\"widget\" data-widget_type=\"image.default\">\n\t\t\t\t\t\t\t\t\t\t\t\t\t\t\t<img decoding=\"async\" src=\"https:\/\/bilaco.excellentpartner.com.br\/wp-content\/uploads\/elementor\/thumbs\/Meu-rosto-envelhecendo-29-1-r92o15x1agvrbw82rc50riovq26g8ne15v7hwpoigg.jpg\" title=\"My beautiful picture\" alt=\"My beautiful picture\" loading=\"lazy\" \/>\t\t\t\t\t\t\t\t\t\t\t\t\t\t\t<\/div>\n\t\t\t\t\t<\/div>\n\t\t<\/div>\n\t\t\t\t\t<\/div>\n\t\t<\/section>\n\t\t\t\t\t<\/div>\n\t\t<\/div>\n\t\t\t\t\t<\/div>\n\t\t<\/section>\n\t\t\t\t<section class=\"elementor-section elementor-top-section elementor-element elementor-element-4058ee3 elementor-section-boxed elementor-section-height-default elementor-section-height-default\" data-id=\"4058ee3\" data-element_type=\"section\">\n\t\t\t\t\t\t<div class=\"elementor-container elementor-column-gap-default\">\n\t\t\t\t\t<div class=\"elementor-column elementor-col-100 elementor-top-column elementor-element elementor-element-4a87961\" data-id=\"4a87961\" data-element_type=\"column\">\n\t\t\t<div class=\"elementor-widget-wrap elementor-element-populated\">\n\t\t\t\t\t\t<div class=\"elementor-element elementor-element-a4be2eb rivax-layout-block rivax-align-center elementor-widget rivax-advanced-heading-widget\" data-id=\"a4be2eb\" data-element_type=\"widget\" data-widget_type=\"rivax-advanced-heading.default\">\n\t\t\t\t<div class=\"elementor-widget-container\">\n\t\t\t\t\t\r\n<h2 class=\"rivax-advanced-heading-tag\">\r\n<span class=\"rivax-advanced-heading-wrap\" data-background-text=\"BLOG\">\r\n    <span class=\"rivax-advanced-heading-one\">\u00daltimas not\u00edcias<\/span>\r\n    <span class=\"rivax-advanced-heading-two\"><\/span>\r\n    <span class=\"rivax-advanced-heading-three\"><\/span>\r\n    <span class=\"rivax-advanced-heading-border\"><\/span>\r\n<\/span>\r\n<\/h2>\t\t\t\t<\/div>\n\t\t\t\t<\/div>\n\t\t\t\t<div class=\"elementor-element elementor-element-f37171d elementor-widget rivax-post-kenzo-widget\" data-id=\"f37171d\" data-element_type=\"widget\" data-widget_type=\"rivax-post-kenzo.default\">\n\t\t\t\t<div class=\"elementor-widget-container\">\n\t\t\t\t\t<div class=\"rivax-posts-container\">\r\n    <div class=\"rivax-posts-wrapper layout-grid\">\r\n                <div class=\"post-item\">\r\n    <article class=\"post-wrapper post-3628 post type-post status-publish format-standard has-post-thumbnail hentry category-uncategorized\">\r\n                <div class=\"image-wrapper\">\r\n            <img fetchpriority=\"high\" decoding=\"async\" width=\"400\" height=\"400\" src=\"https:\/\/bilaco.excellentpartner.com.br\/wp-content\/uploads\/2025\/07\/Whisk_be39d7a6f4-400x400.jpg\" class=\"attachment-rivax-small-square size-rivax-small-square wp-post-image\" alt=\"\" title=\"A NAMORADINHA ENCANTADA\u00a0\" srcset=\"https:\/\/bilaco.excellentpartner.com.br\/wp-content\/uploads\/2025\/07\/Whisk_be39d7a6f4-400x400.jpg 400w, https:\/\/bilaco.excellentpartner.com.br\/wp-content\/uploads\/2025\/07\/Whisk_be39d7a6f4-300x300.jpg 300w, https:\/\/bilaco.excellentpartner.com.br\/wp-content\/uploads\/2025\/07\/Whisk_be39d7a6f4-100x100.jpg 100w, https:\/\/bilaco.excellentpartner.com.br\/wp-content\/uploads\/2025\/07\/Whisk_be39d7a6f4-150x150.jpg 150w, https:\/\/bilaco.excellentpartner.com.br\/wp-content\/uploads\/2025\/07\/Whisk_be39d7a6f4-700x700.jpg 700w\" sizes=\"(max-width: 400px) 100vw, 400px\" \/>        <\/div>\r\n        <div class=\"content-wrapper rivax-position-bottom-center style-1\">\r\n            <div class=\"content-wrapper-inner\">\r\n                                        <h4 class=\"title\">\r\n        <a href=\"https:\/\/bilaco.excellentpartner.com.br\/?p=3628\" class=\"title-animation-middle-underline\" title=\"A NAMORADINHA ENCANTADA\u00a0\">\r\n            A NAMORADINHA ENCANTADA\u00a0        <\/a>\r\n        <\/h4>\r\n                        <div class=\"meta-wrapper\">\r\n                                                        <\/div>\r\n                            <\/div>\r\n        <\/div>\r\n            <\/article>\r\n<\/div><div class=\"post-item\">\r\n    <article class=\"post-wrapper post-3631 post type-post status-publish format-standard has-post-thumbnail hentry category-uncategorized\">\r\n                <div class=\"image-wrapper\">\r\n            <img decoding=\"async\" width=\"400\" height=\"400\" src=\"https:\/\/bilaco.excellentpartner.com.br\/wp-content\/uploads\/2025\/07\/Whisk_a9f1e5c6a7-400x400.jpg\" class=\"attachment-rivax-small-square size-rivax-small-square wp-post-image\" alt=\"\" title=\"DESTRO\u00c7OS E O SIL\u00caNCIO\u00a0\" srcset=\"https:\/\/bilaco.excellentpartner.com.br\/wp-content\/uploads\/2025\/07\/Whisk_a9f1e5c6a7-400x400.jpg 400w, https:\/\/bilaco.excellentpartner.com.br\/wp-content\/uploads\/2025\/07\/Whisk_a9f1e5c6a7-300x300.jpg 300w, https:\/\/bilaco.excellentpartner.com.br\/wp-content\/uploads\/2025\/07\/Whisk_a9f1e5c6a7-100x100.jpg 100w, https:\/\/bilaco.excellentpartner.com.br\/wp-content\/uploads\/2025\/07\/Whisk_a9f1e5c6a7-150x150.jpg 150w, https:\/\/bilaco.excellentpartner.com.br\/wp-content\/uploads\/2025\/07\/Whisk_a9f1e5c6a7-700x700.jpg 700w\" sizes=\"(max-width: 400px) 100vw, 400px\" \/>        <\/div>\r\n        <div class=\"content-wrapper rivax-position-bottom-center style-1\">\r\n            <div class=\"content-wrapper-inner\">\r\n                                        <h4 class=\"title\">\r\n        <a href=\"https:\/\/bilaco.excellentpartner.com.br\/?p=3631\" class=\"title-animation-middle-underline\" title=\"DESTRO\u00c7OS E O SIL\u00caNCIO\u00a0\">\r\n            DESTRO\u00c7OS E O SIL\u00caNCIO\u00a0        <\/a>\r\n        <\/h4>\r\n                        <div class=\"meta-wrapper\">\r\n                                                        <\/div>\r\n                            <\/div>\r\n        <\/div>\r\n            <\/article>\r\n<\/div><div class=\"post-item\">\r\n    <article class=\"post-wrapper post-3634 post type-post status-publish format-standard has-post-thumbnail hentry category-uncategorized\">\r\n                <div class=\"image-wrapper\">\r\n            <img decoding=\"async\" width=\"400\" height=\"400\" src=\"https:\/\/bilaco.excellentpartner.com.br\/wp-content\/uploads\/2025\/07\/ChatGPT-Image-21-de-jul.-de-2025-02_06_42-400x400.png\" class=\"attachment-rivax-small-square size-rivax-small-square wp-post-image\" alt=\"\" title=\"Velhos amigos do Bar Central\" srcset=\"https:\/\/bilaco.excellentpartner.com.br\/wp-content\/uploads\/2025\/07\/ChatGPT-Image-21-de-jul.-de-2025-02_06_42-400x400.png 400w, https:\/\/bilaco.excellentpartner.com.br\/wp-content\/uploads\/2025\/07\/ChatGPT-Image-21-de-jul.-de-2025-02_06_42-300x300.png 300w, https:\/\/bilaco.excellentpartner.com.br\/wp-content\/uploads\/2025\/07\/ChatGPT-Image-21-de-jul.-de-2025-02_06_42-100x100.png 100w, https:\/\/bilaco.excellentpartner.com.br\/wp-content\/uploads\/2025\/07\/ChatGPT-Image-21-de-jul.-de-2025-02_06_42-150x150.png 150w, https:\/\/bilaco.excellentpartner.com.br\/wp-content\/uploads\/2025\/07\/ChatGPT-Image-21-de-jul.-de-2025-02_06_42-700x700.png 700w\" sizes=\"(max-width: 400px) 100vw, 400px\" \/>        <\/div>\r\n        <div class=\"content-wrapper rivax-position-bottom-center style-1\">\r\n            <div class=\"content-wrapper-inner\">\r\n                                        <h4 class=\"title\">\r\n        <a href=\"https:\/\/bilaco.excellentpartner.com.br\/?p=3634\" class=\"title-animation-middle-underline\" title=\"Velhos amigos do Bar Central\">\r\n            Velhos amigos do Bar Central        <\/a>\r\n        <\/h4>\r\n                        <div class=\"meta-wrapper\">\r\n                                                        <\/div>\r\n                            <\/div>\r\n        <\/div>\r\n            <\/article>\r\n<\/div>            <\/div>\r\n    <\/div>\r\n\t\t\t\t<\/div>\n\t\t\t\t<\/div>\n\t\t\t\t\t<\/div>\n\t\t<\/div>\n\t\t\t\t\t<\/div>\n\t\t<\/section>\n\t\t\t\t<\/div>\n\t\t","protected":false},"excerpt":{"rendered":"<p>Adroaldo Jos\u00e9 Chanan Bilaco Bilaco, apelido carinhoso de Adroaldo Jos\u00e9 Chanan, \u00e9 uma figura marcante de Encantado (RS), conhecido por sua mem\u00f3ria afiada, esp\u00edrito acolhedor e dedica\u00e7\u00e3o \u00e0 preserva\u00e7\u00e3o da hist\u00f3ria local. Ao longo da vida, exerceu diversas fun\u00e7\u00f5es \u2014 de verdureiro a gerente de vendas \u2014, mas se destacou como escritor e pesquisador, resgatando [&hellip;]<\/p>\n","protected":false},"author":1,"featured_media":0,"parent":0,"menu_order":0,"comment_status":"closed","ping_status":"closed","template":"","meta":{"footnotes":""},"class_list":["post-1067","page","type-page","status-publish","hentry"],"_links":{"self":[{"href":"https:\/\/bilaco.excellentpartner.com.br\/index.php?rest_route=\/wp\/v2\/pages\/1067","targetHints":{"allow":["GET"]}}],"collection":[{"href":"https:\/\/bilaco.excellentpartner.com.br\/index.php?rest_route=\/wp\/v2\/pages"}],"about":[{"href":"https:\/\/bilaco.excellentpartner.com.br\/index.php?rest_route=\/wp\/v2\/types\/page"}],"author":[{"embeddable":true,"href":"https:\/\/bilaco.excellentpartner.com.br\/index.php?rest_route=\/wp\/v2\/users\/1"}],"replies":[{"embeddable":true,"href":"https:\/\/bilaco.excellentpartner.com.br\/index.php?rest_route=%2Fwp%2Fv2%2Fcomments&post=1067"}],"version-history":[{"count":6,"href":"https:\/\/bilaco.excellentpartner.com.br\/index.php?rest_route=\/wp\/v2\/pages\/1067\/revisions"}],"predecessor-version":[{"id":3701,"href":"https:\/\/bilaco.excellentpartner.com.br\/index.php?rest_route=\/wp\/v2\/pages\/1067\/revisions\/3701"}],"wp:attachment":[{"href":"https:\/\/bilaco.excellentpartner.com.br\/index.php?rest_route=%2Fwp%2Fv2%2Fmedia&parent=1067"}],"curies":[{"name":"wp","href":"https:\/\/api.w.org\/{rel}","templated":true}]}}